{"id":58,"date":"2021-10-19T16:45:37","date_gmt":"2021-10-19T16:45:37","guid":{"rendered":"https:\/\/tvre.de\/?page_id=58"},"modified":"2021-10-19T22:21:49","modified_gmt":"2021-10-19T22:21:49","slug":"hilfe","status":"publish","type":"page","link":"https:\/\/tvre.de\/?page_id=58","title":{"rendered":"Hilfe"},"content":{"rendered":"\n<p class=\"has-text-align-center has-medium-font-size\">Hallo, sch\u00f6n das wir dich bei uns begr\u00fc\u00dfen d\u00fcrfen.<br>Du kannst oben unseren Videoplayer oder alternativ unseren Audioplayer ausw\u00e4hlen.<\/p>\n\n\n\n<p class=\"has-text-align-center has-medium-font-size\">Du fragst dich was der Unterschied zwischen den beiden ist?<br>Das erkl\u00e4ren wir dir gerne.<\/p>\n\n\n\n<p class=\"has-text-align-center has-medium-font-size\"><strong>Unser Videoplayer:<\/strong><br>Hier siehst und h\u00f6rst du unsere Moderatoren. Der Player ist NUR dann AKTIV wenn ein<br>Moderator von uns sendet. Ob das der Fall ist kannst du in unserem Sendeplan nachschauen.<br>Ist ein Moderator aktiv brauchst du nur auf das &#8222;Play&#8220; Zeichen im Video dr\u00fccken und los geht es.<br>Wenn kein Moderator aktiv ist, siehst du nur ein schwarzes Bild.<\/p>\n\n\n\n<p class=\"has-text-align-center has-medium-font-size\"><strong>Unser Audioplayer:<\/strong><br>Hier kannst du unsere Moderatoren h\u00f6ren, aber nicht sehen.<br>Ist kein Moderator live auf dem Stream h\u00f6rst du die Musik von unserer X-Plodia.<br>Sie ist unser Radioautomat der immer sendet wenn kein Moderator live aktiv ist.<br>Was f\u00fcr eine Musik gerade gespielt wird kannst du wieder \u00fcber unseren Sendeplan herausfinden.<\/p>\n\n\n\n<p class=\"has-text-align-center has-medium-font-size\">Wir w\u00fcnschen dir \/ euch viel Spa\u00df, euer Team von Radio-Explosion.<\/p>\n","protected":false},"excerpt":{"rendered":"<p>Hallo, sch\u00f6n das wir dich bei uns begr\u00fc\u00dfen d\u00fcrfen.Du kannst oben unseren Videoplayer oder alternativ unseren Audioplayer ausw\u00e4hlen. Du fragst dich was der Unterschied zwischen den beiden ist?Das erkl\u00e4ren wir dir gerne. Unser Videoplayer:Hier siehst und h\u00f6rst du unsere Moderatoren. Der Player ist NUR dann AKTIV wenn einModerator von uns sendet. Ob das der Fall [&hellip;]<\/p>\n","protected":false},"author":1,"featured_media":0,"parent":0,"menu_order":4,"comment_status":"closed","ping_status":"closed","template":"","meta":{"footnotes":""},"class_list":["post-58","page","type-page","status-publish","hentry","post"],"_links":{"self":[{"href":"https:\/\/tvre.de\/index.php?rest_route=\/wp\/v2\/pages\/58","targetHints":{"allow":["GET"]}}],"collection":[{"href":"https:\/\/tvre.de\/index.php?rest_route=\/wp\/v2\/pages"}],"about":[{"href":"https:\/\/tvre.de\/index.php?rest_route=\/wp\/v2\/types\/page"}],"author":[{"embeddable":true,"href":"https:\/\/tvre.de\/index.php?rest_route=\/wp\/v2\/users\/1"}],"replies":[{"embeddable":true,"href":"https:\/\/tvre.de\/index.php?rest_route=%2Fwp%2Fv2%2Fcomments&post=58"}],"version-history":[{"count":3,"href":"https:\/\/tvre.de\/index.php?rest_route=\/wp\/v2\/pages\/58\/revisions"}],"predecessor-version":[{"id":132,"href":"https:\/\/tvre.de\/index.php?rest_route=\/wp\/v2\/pages\/58\/revisions\/132"}],"wp:attachment":[{"href":"https:\/\/tvre.de\/index.php?rest_route=%2Fwp%2Fv2%2Fmedia&parent=58"}],"curies":[{"name":"wp","href":"https:\/\/api.w.org\/{rel}","templated":true}]}}